{"id":10,"date":"2024-11-12T12:52:25","date_gmt":"2024-11-12T11:52:25","guid":{"rendered":"https:\/\/pillolediteatro.com\/?page_id=10"},"modified":"2025-09-12T10:40:45","modified_gmt":"2025-09-12T08:40:45","slug":"homepage","status":"publish","type":"page","link":"https:\/\/pillolediteatro.com\/","title":{"rendered":"Homepage"},"content":{"rendered":"\n<figure class=\"wp-block-image alignwide size-full has-custom-border is-style-rounded is-style-rounded--1\"><img loading=\"lazy\" decoding=\"async\" width=\"1920\" height=\"1470\" src=\"http:\/\/pillolediteatro.com\/wp-content\/uploads\/2025\/03\/Header_3.jpg\" alt=\"\" class=\"wp-image-97\" style=\"border-radius:0px\" srcset=\"https:\/\/pillolediteatro.com\/wp-content\/uploads\/2025\/03\/Header_3.jpg 1920w, https:\/\/pillolediteatro.com\/wp-content\/uploads\/2025\/03\/Header_3-300x230.jpg 300w, https:\/\/pillolediteatro.com\/wp-content\/uploads\/2025\/03\/Header_3-1024x784.jpg 1024w, https:\/\/pillolediteatro.com\/wp-content\/uploads\/2025\/03\/Header_3-768x588.jpg 768w, https:\/\/pillolediteatro.com\/wp-content\/uploads\/2025\/03\/Header_3-1536x1176.jpg 1536w\" sizes=\"auto, (max-width: 1920px) 100vw, 1920px\" \/><\/figure>\n\n\n\n<figure style=\"margin-top:0;margin-right:0;margin-bottom:0;margin-left:0\" class=\"wp-block-video\"><video autoplay controls muted src=\"\/wp-content\/uploads\/2024\/11\/video.mp4\" playsinline><\/video><\/figure>\n\n\n\n<div class=\"wp-block-group has-base-2-color has-text-color has-background has-link-color wp-elements-684c45f621676a1d7e33fe69ecad572b has-global-padding is-layout-constrained wp-container-core-group-is-layout-2ccd055b wp-block-group-is-layout-constrained\" style=\"background-color:#fcab10;margin-top:0px;margin-bottom:0px;padding-top:0;padding-right:20px;padding-bottom:0;padding-left:20px\">\n<div style=\"height:100px\" aria-hidden=\"true\" class=\"wp-block-spacer\"><\/div>\n\n\n\n<p style=\"margin-top:20px;margin-right:0;margin-bottom:20px;margin-left:0;font-size:clamp(14px, 0.875rem + ((1vw - 3.2px) * 0.417), 18px);\">Pillole di Teatro \u00e8 un&#8217;innovativa soluzione che porta il teatro direttamente nelle strutture sanitarie attraverso la realt\u00e0 virtuale. Grazie a visori VR di ultima generazione, offriamo ai pazienti la possibilit\u00e0 di vivere un&#8217;esperienza teatrale immersiva durante i trattamenti medici o i tempi di attesa.<\/p>\n\n\n\n<p style=\"margin-top:20px;margin-right:0;margin-bottom:20px;margin-left:0;font-size:clamp(14px, 0.875rem + ((1vw - 3.2px) * 0.417), 18px);\">Quali sono i benefici per la vostra struttura?<\/p>\n\n\n\n<ul style=\"margin-top:20px;margin-bottom:20px;font-size:clamp(14px, 0.875rem + ((1vw - 3.2px) * 0.417), 18px);\" class=\"wp-block-list\">\n<li>Migliorare significativamente l&#8217;esperienza ospedaliera dei pazienti<\/li>\n\n\n\n<li>Ridurre lo stress e l&#8217;ansia durante i trattamenti<\/li>\n\n\n\n<li>Offrire un supporto concreto al benessere psicologico<\/li>\n\n\n\n<li>Differenziare la vostra struttura con un servizio all&#8217;avanguardia<\/li>\n\n\n\n<li>Supportare il lavoro del personale sanitario<\/li>\n<\/ul>\n\n\n\n<p style=\"margin-top:20px;margin-right:0;margin-bottom:20px;margin-left:0;font-size:clamp(14px, 0.875rem + ((1vw - 3.2px) * 0.417), 18px);\">I kit tecnologici forniti ai reparti permettono di accedere in maniera&nbsp;semplice ed intuitiva&nbsp;a brevi spettacoli virtuali, offrendo una pausa mentale ed emotiva a pazienti e caregiver.\u2028\u2028All\u2019interno dei visori,&nbsp;6 sketch dalla durata di 8 minuti ciascuno&nbsp;con&nbsp;Ale &amp; Franz \/ Chiara Francini \/ Caterina Guzzanti \/ Paolo Rossi con Caterina Gabanella e Emanuele Dell\u2019Aquila \/ Pino Strabioli con Ernesto Dolvi \/ Vicky Catalano e Patrizia Bollini.&nbsp;<\/p>\n\n\n\n<div style=\"height:100px\" aria-hidden=\"true\" class=\"wp-block-spacer\"><\/div>\n<\/div>\n\n\n\n<div class=\"wp-block-group has-base-2-color has-text-color has-background has-link-color wp-elements-4f025476b22ad7172eed976d1bbe191e has-global-padding is-layout-constrained wp-container-core-group-is-layout-2ccd055b wp-block-group-is-layout-constrained\" style=\"background-color:#00aa9d;margin-top:0px;margin-bottom:0px;padding-top:0;padding-right:20px;padding-bottom:0;padding-left:20px\">\n<div style=\"height:100px\" aria-hidden=\"true\" class=\"wp-block-spacer\"><\/div>\n\n\n\n<p class=\"has-text-align-center\">Prenota un appuntamento o richiedi informazioni presso<br><strong><a href=\"mailto:info@pillolediteatro.com\">info@pillolediteatro.com<\/a><\/strong> o compilando questo form.<\/p>\n\n\n\n<div style=\"height:50px\" aria-hidden=\"true\" class=\"wp-block-spacer\"><\/div>\n\n\n\n<style>\n.d-none {\n   display: none;\n}\n.text-center {\n   text-align: center;\n}\n\n.wpcf7 .row {\ndisplay: flex;\nflex-wrap: wrap;\ngap: 16px;\n}\n.wpcf7 .col-md-6 {\nflex: 1;\nmax-width: 50%;\n}\n\n.wpcf7 .col-md-12 {\nflex: 1 0 100%\n}\n\n.wpcf7 .form-control {\n  display: block;\n  width: 100%;\n  padding: 10px 0;\n  font-size: 18px;\n  appearance: none; \/\/ Fix appearance for date inputs in Safari\n  background-color: #fff;\n  border: 0;\n}\n.wpcf7 .wpcf7-form.invalid .form-control {\npadding: 10px 0;\n}\n\n.wpcf7 .wpcf7-submit {\n  padding: 10px 20px;\n  font-size: 18px;\n  text-transform: uppercase;\n  margin: auto;\n  width: 200px;\n  background-color: #fcab10;\n  color: #fff;\n  border: 0;\n\n\n}\n<\/style>\n\n\n\n<div class=\"wp-block-contact-form-7-contact-form-selector\">\n<div class=\"wpcf7 no-js\" id=\"wpcf7-f71-o1\" lang=\"it-IT\" dir=\"ltr\" data-wpcf7-id=\"71\">\n<div class=\"screen-reader-response\"><p role=\"status\" aria-live=\"polite\" aria-atomic=\"true\"><\/p> <ul><\/ul><\/div>\n<form action=\"\/index.php?rest_route=%2Fwp%2Fv2%2Fpages%2F10#wpcf7-f71-o1\" method=\"post\" class=\"wpcf7-form init wpcf7-acceptance-as-validation\" aria-label=\"Modulo di contatto\" novalidate=\"novalidate\" data-status=\"init\">\n<div style=\"display: none;\">\n<input type=\"hidden\" name=\"_wpcf7\" value=\"71\" \/>\n<input type=\"hidden\" name=\"_wpcf7_version\" value=\"6.0.5\" \/>\n<input type=\"hidden\" name=\"_wpcf7_locale\" value=\"it_IT\" \/>\n<input type=\"hidden\" name=\"_wpcf7_unit_tag\" value=\"wpcf7-f71-o1\" \/>\n<input type=\"hidden\" name=\"_wpcf7_container_post\" value=\"0\" \/>\n<input type=\"hidden\" name=\"_wpcf7_posted_data_hash\" value=\"\" \/>\n<\/div>\n<div class=\"row g-3 mb-3\">\n\n  <div class=\"col-md-12\">\n    <label class=\"form-label\">Nome e cognome <span class=\"text-danger\">*<\/span><\/label>\n    <span class=\"wpcf7-form-control-wrap\" data-name=\"nome\"><input size=\"40\" maxlength=\"400\" class=\"wpcf7-form-control wpcf7-text wpcf7-validates-as-required form-control\" aria-required=\"true\" aria-invalid=\"false\" value=\"\" type=\"text\" name=\"nome\" \/><\/span>\n  <\/div>\n  <div class=\"col-md-6\">\n    <label class=\"form-label\">Email <span class=\"text-danger\">*<\/span><\/label>\n    <span class=\"wpcf7-form-control-wrap\" data-name=\"email\"><input size=\"40\" maxlength=\"400\" class=\"wpcf7-form-control wpcf7-email wpcf7-validates-as-required wpcf7-text wpcf7-validates-as-email form-control\" aria-required=\"true\" aria-invalid=\"false\" value=\"\" type=\"email\" name=\"email\" \/><\/span>\n    <span id=\"wpcf7-6a01be52ea25a-wrapper\" class=\"wpcf7-form-control-wrap repeat-email-wrap\" ><input type=\"hidden\" name=\"repeat-email-time-start\" value=\"1778499154\"><input type=\"hidden\" name=\"repeat-email-time-check\" value=\"4\"><input id=\"wpcf7-6a01be52ea25a-field\"  placeholder=\"repeat-email\"  class=\"wpcf7-form-control wpcf7-text\" type=\"text\" name=\"repeat-email\" value=\"\" size=\"40\" tabindex=\"-1\" autocomplete=\"off\" \/><\/span>\n  <\/div>\n  <div class=\"col-md-6\">\n    <label class=\"form-label\">Telefono <span class=\"text-danger\">*<\/span><\/label>\n    <span class=\"wpcf7-form-control-wrap\" data-name=\"teleofono\"><input size=\"40\" maxlength=\"400\" class=\"wpcf7-form-control wpcf7-tel wpcf7-validates-as-required wpcf7-text wpcf7-validates-as-tel form-control\" aria-required=\"true\" aria-invalid=\"false\" value=\"\" type=\"tel\" name=\"teleofono\" \/><\/span>\n  <\/div>\n  <div class=\"col-md-12\">\n    <label class=\"form-label\">Localit\u00e0 <span class=\"text-danger\">*<\/span><\/label>\n    <span class=\"wpcf7-form-control-wrap\" data-name=\"localita\"><input size=\"40\" maxlength=\"400\" class=\"wpcf7-form-control wpcf7-text wpcf7-validates-as-required form-control\" aria-required=\"true\" aria-invalid=\"false\" value=\"\" type=\"text\" name=\"localita\" \/><\/span>\n  <\/div>\n  <div class=\"col-md-12\">\n    <label class=\"form-label\">Messaggio<\/label>\n    <span class=\"wpcf7-form-control-wrap\" data-name=\"localita\"><textarea cols=\"40\" rows=\"10\" maxlength=\"2000\" class=\"wpcf7-form-control wpcf7-textarea form-control\" aria-invalid=\"false\" name=\"localita\"><\/textarea><\/span>\n  <\/div>\n  <div class=\"col-md-12\">\n    <span class=\"wpcf7-form-control-wrap\" data-name=\"terms\"><span class=\"wpcf7-form-control wpcf7-acceptance\"><span class=\"wpcf7-list-item\"><label class=\"form-check form-check-inline form-check-checkbox\"><input type=\"checkbox\" name=\"terms\" value=\"1\" aria-invalid=\"false\" class=\"form-check-input\"><span class=\"wpcf7-list-item-label form-check-label\">Ho letto e accetto <a href=\"\/privacy-policy\">l'informativa della privay.<\/a><\/span><\/label><\/span><\/span><\/span>\n  <\/div>\n\n  <div class=\"col-md-12 text-center\">\n    <input class=\"wpcf7-form-control wpcf7-submit has-spinner btn btn-primary w-100\" type=\"submit\" value=\"Invia richiesta\" \/> \n  <\/div>\n\n<\/div><div class=\"wpcf7-response-output\" aria-hidden=\"true\"><\/div>\n<\/form>\n<\/div>\n<\/div>\n\n\n\n<div style=\"height:100px\" aria-hidden=\"true\" class=\"wp-block-spacer\"><\/div>\n<\/div>\n\n\n\n<div class=\"wp-block-group has-base-2-color has-text-color has-background has-link-color wp-elements-e3cd9ccd6b2eed460b46e45181e3741d has-global-padding is-layout-constrained wp-container-core-group-is-layout-2ccd055b wp-block-group-is-layout-constrained\" style=\"background-color:#fcab10;margin-top:0px;margin-bottom:0px;padding-top:0;padding-right:20px;padding-bottom:0;padding-left:20px\">\n<div style=\"height:100px\" aria-hidden=\"true\" class=\"wp-block-spacer\"><\/div>\n\n\n\n<figure class=\"wp-block-image size-full\"><img decoding=\"async\" src=\"https:\/\/pillolediteatro.com\/wp-content\/uploads\/2025\/03\/Locandine_Nuovo.png\" alt=\"\" style=\"width:100%\" class=\"wp-image-32\"\/><\/figure>\n<\/div>\n\n\n\n<div class=\"wp-block-group has-base-2-color has-text-color has-background has-link-color wp-elements-9793221005b4ccc310ed6670e166bd1a is-layout-flow wp-block-group-is-layout-flow\" style=\"background-color:#fcab10;margin-top:0px;margin-bottom:0px;padding-top:0;padding-right:20px;padding-bottom:0;padding-left:20px\">\n<div style=\"height:100px\" aria-hidden=\"true\" class=\"wp-block-spacer\"><\/div>\n\n\n\n<h2 class=\"wp-block-heading has-text-align-center has-base-2-color has-text-color has-link-color has-bebas-neue-font-family has-xx-large-font-size wp-elements-ff473fdcc839bddd2948331c0746c746\" style=\"font-style:normal;font-weight:700\">CONTATTI<\/h2>\n\n\n\n<p class=\"has-text-align-center\">Per informazioni relative all\u2019acquisto o al noleggio dei Visori, scrivi a<br><br>info@pillolediteatro.com<\/p>\n\n\n\n<div style=\"height:100px\" aria-hidden=\"true\" class=\"wp-block-spacer\"><\/div>\n<\/div>\n\n\n\n<div class=\"wp-block-group has-base-2-color has-text-color has-background has-link-color wp-elements-551727e68eea27b8264163789eceac3f has-global-padding is-layout-constrained wp-container-core-group-is-layout-6b880632 wp-block-group-is-layout-constrained\" style=\"background-color:#00aa9d;margin-top:0px;margin-bottom:0px;padding-top:0;padding-right:20px;padding-bottom:0;padding-left:20px\">\n<div style=\"height:100px\" aria-hidden=\"true\" class=\"wp-block-spacer\"><\/div>\n\n\n\n<h2 class=\"wp-block-heading has-text-align-center has-base-2-color has-text-color has-link-color has-bebas-neue-font-family has-xx-large-font-size wp-elements-d952fa08fa142d85b891fd453fd23384\" style=\"font-style:normal;font-weight:700\">CREDITS<\/h2>\n\n\n\n<p class=\"has-text-align-center\"><strong>PILLOLE DI TEATRO &nbsp;<br><\/strong>\u00e8 una produzione di Carmelo Grassi<br>in partnerhsip con Gold VR<br>&nbsp;&nbsp;<br>Ideazione e direzione creativa Giulia delli Santi&nbsp;<br><br>Regia di Omar Rashid<br><br>Organizzazione Giancarlo Piccirillo<br>Produttore esecutivo Alessandro Mancini<br><br>Troupe<br>Cosimo Lombardelli, Sasan Baha, Gabry Fasano<br><br>Coordinamento artisti Infinito srl<br>&nbsp;<br>Con<br>Ale &amp; Franz<br>Caterina Gabanella&nbsp;<br>Caterina Guzzanti<br>Chiara Francini<br>Emanuele Dell\u2019Aquila<br>Ernesto Dolvi&nbsp;<br>Patrizia Bollini&nbsp;<br>Paolo Rossi<br>Pino Strabioli<br>Vicky Catalano&nbsp;<br>&nbsp;<br>Un ringraziamento speciale ai direttori del Teatro Lirico di Milano, Teatro della Pergola di Firenze, Teatro Quirino di Roma, a Fabio Mascagni ed a tutti gli artisti che hanno partecipato con generosit\u00e0 a questo progetto.<\/p>\n\n\n\n<div style=\"height:100px\" aria-hidden=\"true\" class=\"wp-block-spacer\"><\/div>\n<\/div>\n\n\n\n<div class=\"wp-block-group has-contrast-color has-base-2-background-color has-text-color has-background has-link-color wp-elements-b93ef3532b6b465b95a359c41c08ea50 has-global-padding is-layout-constrained wp-container-core-group-is-layout-6b880632 wp-block-group-is-layout-constrained\" style=\"margin-top:0px;margin-bottom:0px;padding-top:0;padding-right:20px;padding-bottom:0;padding-left:20px\">\n<div style=\"height:100px\" aria-hidden=\"true\" class=\"wp-block-spacer\"><\/div>\n\n\n\n<h2 class=\"wp-block-heading has-text-align-center has-base-2-color has-text-color has-link-color has-body-font-family wp-elements-779458897db8b4824e1585559489f96a\" style=\"font-style:normal;font-weight:700\"><\/h2>\n\n\n\n<p class=\"has-text-align-center\">Il progetto \u00e8 finanziato dall\u2019Unione Europea &#8211; Next Generation EU<br>PNRR Transizione Digitale Organismi Culturali e Creativi<\/p>\n\n\n\n<figure class=\"wp-block-image aligncenter size-full is-resized\"><img loading=\"lazy\" decoding=\"async\" width=\"1744\" height=\"505\" src=\"http:\/\/pillolediteatro.com\/wp-content\/uploads\/2025\/09\/Logo-TOCC.jpg\" alt=\"\" class=\"wp-image-156\" style=\"width:520px\" srcset=\"https:\/\/pillolediteatro.com\/wp-content\/uploads\/2025\/09\/Logo-TOCC.jpg 1744w, https:\/\/pillolediteatro.com\/wp-content\/uploads\/2025\/09\/Logo-TOCC-300x87.jpg 300w, https:\/\/pillolediteatro.com\/wp-content\/uploads\/2025\/09\/Logo-TOCC-1024x297.jpg 1024w, https:\/\/pillolediteatro.com\/wp-content\/uploads\/2025\/09\/Logo-TOCC-768x222.jpg 768w, https:\/\/pillolediteatro.com\/wp-content\/uploads\/2025\/09\/Logo-TOCC-1536x445.jpg 1536w\" sizes=\"auto, (max-width: 1744px) 100vw, 1744px\" \/><\/figure>\n\n\n\n<p class=\"has-text-align-center has-small-font-size\">\u00a9\ufe0f 2024 F.lli Grassi srl &#8211; Via De Terribile 6 Brindisi BR 72100 Italia, Partita IVA: IT00664960747<\/p>\n\n\n\n<div style=\"height:100px\" aria-hidden=\"true\" class=\"wp-block-spacer\"><\/div>\n<\/div>\n","protected":false},"excerpt":{"rendered":"<p>Pillole di Teatro \u00e8 un&#8217;innovativa soluzione che porta il teatro direttamente nelle strutture sanitarie attraverso la realt\u00e0 virtuale. Grazie a visori VR di ultima generazione, offriamo ai pazienti la possibilit\u00e0 di vivere un&#8217;esperienza teatrale immersiva durante i trattamenti medici o i tempi di attesa. Quali sono i benefici per la vostra struttura? I kit tecnologici [&hellip;]<\/p>\n","protected":false},"author":1,"featured_media":0,"parent":0,"menu_order":0,"comment_status":"closed","ping_status":"closed","template":"wp-custom-template-landing","meta":{"inline_featured_image":false,"footnotes":""},"class_list":["post-10","page","type-page","status-publish","hentry"],"_links":{"self":[{"href":"https:\/\/pillolediteatro.com\/index.php?rest_route=\/wp\/v2\/pages\/10","targetHints":{"allow":["GET"]}}],"collection":[{"href":"https:\/\/pillolediteatro.com\/index.php?rest_route=\/wp\/v2\/pages"}],"about":[{"href":"https:\/\/pillolediteatro.com\/index.php?rest_route=\/wp\/v2\/types\/page"}],"author":[{"embeddable":true,"href":"https:\/\/pillolediteatro.com\/index.php?rest_route=\/wp\/v2\/users\/1"}],"replies":[{"embeddable":true,"href":"https:\/\/pillolediteatro.com\/index.php?rest_route=%2Fwp%2Fv2%2Fcomments&post=10"}],"version-history":[{"count":76,"href":"https:\/\/pillolediteatro.com\/index.php?rest_route=\/wp\/v2\/pages\/10\/revisions"}],"predecessor-version":[{"id":157,"href":"https:\/\/pillolediteatro.com\/index.php?rest_route=\/wp\/v2\/pages\/10\/revisions\/157"}],"wp:attachment":[{"href":"https:\/\/pillolediteatro.com\/index.php?rest_route=%2Fwp%2Fv2%2Fmedia&parent=10"}],"curies":[{"name":"wp","href":"https:\/\/api.w.org\/{rel}","templated":true}]}}